{"id":11,"date":"2019-07-23T14:53:01","date_gmt":"2019-07-23T14:53:01","guid":{"rendered":"https:\/\/berliner-kellerrunde.de\/?page_id=11"},"modified":"2021-09-13T11:41:00","modified_gmt":"2021-09-13T11:41:00","slug":"home","status":"publish","type":"page","link":"https:\/\/berliner-kellerrunde.de\/","title":{"rendered":"Start"},"content":{"rendered":"\n<h2>\n\t\tDie Berliner Kellerrunde Gerhard Naulin\n\t<\/h2>\n\t<p>Die Berliner Kellerrunde ist eine aufgrund au\u00dfergew\u00f6hnlicher politischer Umst\u00e4nde im seit 1961 vom Umland durch eine Mauer getrennten West-Berlin gegr\u00fcndete Gemeinschaft mit etwa 75 Pers\u00f6nlichkeiten aus Politik, Wirtschaft, Wissenschaft, Verwaltung, Kultur und Kirche.<\/p>\n<p>Es sind Mitglieder, die sich mit ihren beruflichen Erfahrungen und partei\u00fcbergreifend f\u00fcr V\u00f6lkerverst\u00e4ndigung und Europ\u00e4ische Einheit, f\u00fcr wirtschaftlichen Fortschritt und soziale Gerechtigkeit, f\u00fcr eine Verbesserung der gesundheitlichen Versorgung und der strapazierten Umwelt, f\u00fcr Unterst\u00fctzung im kirchlich-diakonischen Bereich, f\u00fcr eine F\u00f6rderung von Natur und Garten und letztlich f\u00fcr das Gemeinwohl der Gesellschaft einsetzen.<\/p>\n<p>Zu diesen Mitgliedern z\u00e4hlen u. a. Altbisch\u00f6fe, ehemalige Regierende B\u00fcrgermeister, Bezirksb\u00fcrgermeister und Senatoren, Staatssekret\u00e4re, Stadtr\u00e4te und Abgeordnete des Berliner Abgeordnetenhauses, Bundestagsabgeordnete und Abgeordnete des EU-Parlamentes, Direktoren des Berliner Zoos, Professoren verschiedener Fachrichtungen, Gesch\u00e4ftsf\u00fchrer von Krankenh\u00e4usern, Leitende Mediziner und Pr\u00e4sidenten von Bundeseinrichtungen, von Akademien und Gesellschaften, Landschaftsarchitekten, Architekten und Journalisten.<\/p>\n\tOffiziell wurde die Berliner Kellerrunde 1984 gegr\u00fcndet. Die Bem\u00fchungen dazu begannen allerdings bereits in den siebziger Jahren, in denen der damalige Senatsdirektor in der Gesundheitsverwaltung und sp\u00e4tere Staatssekret\u00e4r und Stadt\u00e4ltester von Berlin Gerhard Naulin, der Senatsrat in der Gesundheitsverwaltung Dr. Helmut Scheunemann und der sp\u00e4tere Pr\u00e4sident des Bundesgesundheitsamtes Prof. Dr. Dr. h. c. mult. Dieter Gro\u00dfklaus zu Partnern und Freunden wurden und die Begeisterung f\u00fcr einen solchen Zusammenschluss von Gleichgesinnten die ersten Fr\u00fcchte trug.<br \/>\nDazu trug besonders auch der damalige Staatssekret\u00e4r im Gesundheitswesen Albrecht Hasinger bei.\n<p>Die bisherige Arbeit, Arbeitsweise und die Leistungsgedanken dieses erfolgreichen Zusammenschlusses finden sich in den Festansprachen aus Anlass der 25-Jahrfeier am 24.10.2009 der Berliner Kellerrunde, wobei der Beitrag von den beiden Gr\u00fcndern Gerhard Naulin und Professor Gro\u00dfklaus ausf\u00fchrlich auf die Gr\u00fcndungsphase, die Programmgestaltung und die Zukunft eingehen.<\/p>\n\t\t<h3>Gerhard Naulin<\/h3>\t\t\n\t\t\t<p>Am 20.11.2018 starb im 97. Lebensjahr der Gr\u00fcnder und langj\u00e4hrige Vorsitzende Gerhard Naulin, Stadt\u00e4ltester von Berlin, Tr\u00e4ger des Gro\u00dfen Bundesverdienstkreuzes.<\/p>\n<p>Er wurde am 12. Dez. 2018 auf dem St\u00e4dtischen Friedhof Zehlendorf, Onkel-Tom-Stra\u00dfe 30 beigesetzt.<\/p>\n<p>In einer Mitgliederversammlung am 09.01.2019 wurde beschlossen, den gesellschaftspolitisch wichtigen Zusammenschluss fortzuf\u00fchren und ihn in Respekt zum verstorbenen Vorsitzenden mit seinem Namen \u201eBerliner Kellerrunde Gerhard Naulin&#8220; zu erg\u00e4nzen.<\/p>\n<p>Erfolgreiche Aktivit\u00e4ten sind beispielhaft im Nachfolgenden Bestandteil des Internet-Inhaltes.<\/p>\n<h3>\n\t\tFestansprachen\n\t<\/h3>\n\t<ol>\n<li>Rede des Gr\u00fcnders der Berliner Kellerrunde,<br \/>\nStaatssekret\u00e4r a.D. Gerhard Naulin<br \/>\n<a href=\"https:\/\/berliner-kellerrunde.de\/wp-content\/uploads\/RedeNaulinWannsee.pdf\" target=\"_blank\" rel=\"noopener\"> Rede als PDF<\/a><\/li>\n<li>Rede des Altbischofs Martin Kurse in der<br \/>\nKaiser-Wilhelm-Ged\u00e4chtniskirche<br \/>\n<a href=\"https:\/\/berliner-kellerrunde.de\/wp-content\/uploads\/RedeKruse.pdf\" target=\"_blank\" rel=\"noopener\"> Rede als PDF<\/a><\/li>\n<li>Rede des Regierenden B\u00fcrgermeisters a.D. Dr. Klaus Sch\u00fctz<br \/>\n<a href=\"https:\/\/berliner-kellerrunde.de\/wp-content\/uploads\/RedeSchuetz.pdf\" target=\"_blank\" rel=\"noopener\"> Rede als PDF<\/a><\/li>\n<li>Rede des Pr\u00e4sidenten des Bundesgesundheitsamtes a.D.<br \/>\nProfessor Dr. Dr. h.c. mult. Dieter Gro\u00dfklaus<br \/>\n<a href=\"https:\/\/berliner-kellerrunde.de\/wp-content\/uploads\/RedeGrossklaus.pdf\" target=\"_blank\" rel=\"noopener\"> Rede als PDF<\/a><\/li>\n<li>Rede des Regierenden B\u00fcrgermeisters a.D. Dietrich Stobbe<br \/>\n<a href=\"https:\/\/berliner-kellerrunde.de\/wp-content\/uploads\/RedeStobbe.pdf\" target=\"_blank\" rel=\"noopener\"> Rede als PDF<\/a><\/li>\n<\/ol>\n\t\t\t\t<img loading=\"lazy\" decoding=\"async\" src=\"https:\/\/berliner-kellerrunde.de\/wp-content\/uploads\/Kellerrunde-Gruppenbild.jpg\" alt=\"Kellerrunde-Gruppenbild\" itemprop=\"image\" height=\"274\" width=\"743\" title=\"Kellerrunde-Gruppenbild\" onerror=\"this.style.display='none'\"  \/>\n\n","protected":false},"excerpt":{"rendered":"<p>Die Berliner Kellerrunde Gerhard Naulin Die Berliner Kellerrunde ist eine aufgrund au\u00dfergew\u00f6hnlicher politischer Umst\u00e4nde im seit 1961 vom Umland durch eine Mauer getrennten West-Berlin gegr\u00fcndete Gemeinschaft mit etwa 75 Pers\u00f6nlichkeiten aus Politik, Wirtschaft, Wissenschaft, Verwaltung, Kultur und Kirche. Es sind Mitglieder, die sich mit ihren beruflichen Erfahrungen und partei\u00fcbergreifend f\u00fcr V\u00f6lkerverst\u00e4ndigung und Europ\u00e4ische Einheit, f\u00fcr&hellip;<\/p>\n","protected":false},"author":1,"featured_media":0,"parent":0,"menu_order":0,"comment_status":"closed","ping_status":"closed","template":"","meta":{"inline_featured_image":false,"footnotes":""},"_links":{"self":[{"href":"https:\/\/berliner-kellerrunde.de\/index.php?rest_route=\/wp\/v2\/pages\/11"}],"collection":[{"href":"https:\/\/berliner-kellerrunde.de\/index.php?rest_route=\/wp\/v2\/pages"}],"about":[{"href":"https:\/\/berliner-kellerrunde.de\/index.php?rest_route=\/wp\/v2\/types\/page"}],"author":[{"embeddable":true,"href":"https:\/\/berliner-kellerrunde.de\/index.php?rest_route=\/wp\/v2\/users\/1"}],"replies":[{"embeddable":true,"href":"https:\/\/berliner-kellerrunde.de\/index.php?rest_route=%2Fwp%2Fv2%2Fcomments&post=11"}],"version-history":[{"count":28,"href":"https:\/\/berliner-kellerrunde.de\/index.php?rest_route=\/wp\/v2\/pages\/11\/revisions"}],"predecessor-version":[{"id":1132,"href":"https:\/\/berliner-kellerrunde.de\/index.php?rest_route=\/wp\/v2\/pages\/11\/revisions\/1132"}],"wp:attachment":[{"href":"https:\/\/berliner-kellerrunde.de\/index.php?rest_route=%2Fwp%2Fv2%2Fmedia&parent=11"}],"curies":[{"name":"wp","href":"https:\/\/api.w.org\/{rel}","templated":true}]}}